{"id":715,"date":"2017-11-03T09:35:54","date_gmt":"2017-11-03T09:35:54","guid":{"rendered":"http:\/\/www.ligetgatter.hu\/?page_id=715\/"},"modified":"2017-11-10T10:23:34","modified_gmt":"2017-11-10T10:23:34","slug":"cazane-eta","status":"publish","type":"page","link":"https:\/\/www.ligetgatter.hu\/ro\/cazane-eta\/","title":{"rendered":"cazane ETA"},"content":{"rendered":"<p>&nbsp;<\/p>\n<p>ETA s-a specializat pe fabricarea instalatilor de inc\u0103lzire cu biomasa ,deci pe cazane pe lemn,pelet,si tocatur\u0103 de lemn. O\u00a0 combinatie \u00eentre cea mai moderna tehnologie \u0219i energie regenerabila. Aceste produse s\u00e2nt comercializate de firma noastr\u0103 din 2006, \u00eemplement\u00e2nd acest mod ecologic de incalzire. Cine alege un cazan pe peleti sau tocatura de lemn voteaaz\u0103 pentru sustenabilitate.<\/p>\n<p>Instalatiile se pot categorisi dupa capacitate si combustibilul folosit.<\/p>\n<p>Descrierea detailata \u00een limba rom\u00e2na se poate vedea dupa alegerea tipului de cazan<\/p>\n","protected":false},"excerpt":{"rendered":"<p>&nbsp; ETA s-a specializat pe fabricarea instalatilor de inc\u0103lzire cu biomasa ,deci pe cazane pe lemn,pelet,si tocatur\u0103 de lemn. O\u00a0 combinatie \u00eentre cea mai moderna tehnologie \u0219i energie regenerabila. Aceste produse s\u00e2nt comercializate de firma noastr\u0103 din 2006, \u00eemplement\u00e2nd acest mod ecologic de incalzire. Cine alege un cazan pe peleti sau tocatura de lemn voteaaz\u0103 [&hellip;]<\/p>\n","protected":false},"author":2,"featured_media":0,"parent":0,"menu_order":2,"comment_status":"closed","ping_status":"closed","template":"template-eta-kazanok.php","meta":{"footnotes":""},"class_list":["post-715","page","type-page","status-publish","hentry"],"yoast_head":"<!-- This site is optimized with the Yoast SEO plugin v23.0 - https:\/\/yoast.com\/wordpress\/plugins\/seo\/ -->\n<title>cazane ETA | Liget Gatter<\/title>\n<meta name=\"robots\" content=\"index, follow, max-snippet:-1, max-image-preview:large, max-video-preview:-1\" \/>\n<link rel=\"canonical\" href=\"https:\/\/www.ligetgatter.hu\/ro\/cazane-eta\/\" \/>\n<meta property=\"og:locale\" content=\"ro_RO\" \/>\n<meta property=\"og:type\" content=\"article\" \/>\n<meta property=\"og:title\" content=\"cazane ETA | Liget Gatter\" \/>\n<meta property=\"og:description\" content=\"&nbsp; ETA s-a specializat pe fabricarea instalatilor de inc\u0103lzire cu biomasa ,deci pe cazane pe lemn,pelet,si tocatur\u0103 de lemn. O\u00a0 combinatie \u00eentre cea mai moderna tehnologie \u0219i energie regenerabila. Aceste produse s\u00e2nt comercializate de firma noastr\u0103 din 2006, \u00eemplement\u00e2nd acest mod ecologic de incalzire. Cine alege un cazan pe peleti sau tocatura de lemn voteaaz\u0103 [&hellip;]\" \/>\n<meta property=\"og:url\" content=\"https:\/\/www.ligetgatter.hu\/ro\/cazane-eta\/\" \/>\n<meta property=\"og:site_name\" content=\"Liget Gatter\" \/>\n<meta property=\"article:modified_time\" content=\"2017-11-10T10:23:34+00:00\" \/>\n<meta name=\"twitter:card\" content=\"summary_large_image\" \/>\n<script type=\"application\/ld+json\" class=\"yoast-schema-graph\">{\"@context\":\"https:\/\/schema.org\",\"@graph\":[{\"@type\":\"WebPage\",\"@id\":\"https:\/\/www.ligetgatter.hu\/ro\/cazane-eta\/\",\"url\":\"https:\/\/www.ligetgatter.hu\/ro\/cazane-eta\/\",\"name\":\"cazane ETA | Liget Gatter\",\"isPartOf\":{\"@id\":\"https:\/\/www.ligetgatter.hu\/#website\"},\"datePublished\":\"2017-11-03T09:35:54+00:00\",\"dateModified\":\"2017-11-10T10:23:34+00:00\",\"breadcrumb\":{\"@id\":\"https:\/\/www.ligetgatter.hu\/ro\/cazane-eta\/#breadcrumb\"},\"inLanguage\":\"ro-RO\",\"potentialAction\":[{\"@type\":\"ReadAction\",\"target\":[\"https:\/\/www.ligetgatter.hu\/ro\/cazane-eta\/\"]}]},{\"@type\":\"BreadcrumbList\",\"@id\":\"https:\/\/www.ligetgatter.hu\/ro\/cazane-eta\/#breadcrumb\",\"itemListElement\":[{\"@type\":\"ListItem\",\"position\":1,\"name\":\"Kezd\u0151lap\",\"item\":\"http:\/\/www.ligetgatter.hu\/ro\/\"},{\"@type\":\"ListItem\",\"position\":2,\"name\":\"cazane ETA\"}]},{\"@type\":\"WebSite\",\"@id\":\"https:\/\/www.ligetgatter.hu\/#website\",\"url\":\"https:\/\/www.ligetgatter.hu\/\",\"name\":\"Liget Gatter\",\"description\":\"Hrenko Digital Agency\",\"potentialAction\":[{\"@type\":\"SearchAction\",\"target\":{\"@type\":\"EntryPoint\",\"urlTemplate\":\"https:\/\/www.ligetgatter.hu\/?s={search_term_string}\"},\"query-input\":\"required name=search_term_string\"}],\"inLanguage\":\"ro-RO\"}]}<\/script>\n<!-- \/ Yoast SEO plugin. -->","yoast_head_json":{"title":"cazane ETA | Liget Gatter","robots":{"index":"index","follow":"follow","max-snippet":"max-snippet:-1","max-image-preview":"max-image-preview:large","max-video-preview":"max-video-preview:-1"},"canonical":"https:\/\/www.ligetgatter.hu\/ro\/cazane-eta\/","og_locale":"ro_RO","og_type":"article","og_title":"cazane ETA | Liget Gatter","og_description":"&nbsp; ETA s-a specializat pe fabricarea instalatilor de inc\u0103lzire cu biomasa ,deci pe cazane pe lemn,pelet,si tocatur\u0103 de lemn. O\u00a0 combinatie \u00eentre cea mai moderna tehnologie \u0219i energie regenerabila. Aceste produse s\u00e2nt comercializate de firma noastr\u0103 din 2006, \u00eemplement\u00e2nd acest mod ecologic de incalzire. Cine alege un cazan pe peleti sau tocatura de lemn voteaaz\u0103 [&hellip;]","og_url":"https:\/\/www.ligetgatter.hu\/ro\/cazane-eta\/","og_site_name":"Liget Gatter","article_modified_time":"2017-11-10T10:23:34+00:00","twitter_card":"summary_large_image","schema":{"@context":"https:\/\/schema.org","@graph":[{"@type":"WebPage","@id":"https:\/\/www.ligetgatter.hu\/ro\/cazane-eta\/","url":"https:\/\/www.ligetgatter.hu\/ro\/cazane-eta\/","name":"cazane ETA | Liget Gatter","isPartOf":{"@id":"https:\/\/www.ligetgatter.hu\/#website"},"datePublished":"2017-11-03T09:35:54+00:00","dateModified":"2017-11-10T10:23:34+00:00","breadcrumb":{"@id":"https:\/\/www.ligetgatter.hu\/ro\/cazane-eta\/#breadcrumb"},"inLanguage":"ro-RO","potentialAction":[{"@type":"ReadAction","target":["https:\/\/www.ligetgatter.hu\/ro\/cazane-eta\/"]}]},{"@type":"BreadcrumbList","@id":"https:\/\/www.ligetgatter.hu\/ro\/cazane-eta\/#breadcrumb","itemListElement":[{"@type":"ListItem","position":1,"name":"Kezd\u0151lap","item":"http:\/\/www.ligetgatter.hu\/ro\/"},{"@type":"ListItem","position":2,"name":"cazane ETA"}]},{"@type":"WebSite","@id":"https:\/\/www.ligetgatter.hu\/#website","url":"https:\/\/www.ligetgatter.hu\/","name":"Liget Gatter","description":"Hrenko Digital Agency","potentialAction":[{"@type":"SearchAction","target":{"@type":"EntryPoint","urlTemplate":"https:\/\/www.ligetgatter.hu\/?s={search_term_string}"},"query-input":"required name=search_term_string"}],"inLanguage":"ro-RO"}]}},"_links":{"self":[{"href":"https:\/\/www.ligetgatter.hu\/ro\/wp-json\/wp\/v2\/pages\/715"}],"collection":[{"href":"https:\/\/www.ligetgatter.hu\/ro\/wp-json\/wp\/v2\/pages"}],"about":[{"href":"https:\/\/www.ligetgatter.hu\/ro\/wp-json\/wp\/v2\/types\/page"}],"author":[{"embeddable":true,"href":"https:\/\/www.ligetgatter.hu\/ro\/wp-json\/wp\/v2\/users\/2"}],"replies":[{"embeddable":true,"href":"https:\/\/www.ligetgatter.hu\/ro\/wp-json\/wp\/v2\/comments?post=715"}],"version-history":[{"count":5,"href":"https:\/\/www.ligetgatter.hu\/ro\/wp-json\/wp\/v2\/pages\/715\/revisions"}],"predecessor-version":[{"id":872,"href":"https:\/\/www.ligetgatter.hu\/ro\/wp-json\/wp\/v2\/pages\/715\/revisions\/872"}],"wp:attachment":[{"href":"https:\/\/www.ligetgatter.hu\/ro\/wp-json\/wp\/v2\/media?parent=715"}],"curies":[{"name":"wp","href":"https:\/\/api.w.org\/{rel}","templated":true}]}}